{"id":2501,"date":"2024-09-11T22:46:41","date_gmt":"2024-09-11T20:46:41","guid":{"rendered":"https:\/\/www.humor-impulse.eu\/?page_id=2501"},"modified":"2026-02-24T22:35:55","modified_gmt":"2026-02-24T21:35:55","slug":"ueber-mich","status":"publish","type":"page","link":"https:\/\/www.humor-impulse.eu\/en\/ueber-mich\/","title":{"rendered":"About me"},"content":{"rendered":"<div class=\"wpb-content-wrapper\"><div data-vc-full-width=\"true\" data-vc-full-width-init=\"false\" data-vc-stretch-content=\"true\" class=\"vc_row wpb_row vc_row-fluid vc_custom_1731966897823 vc_row-no-padding wpex-vc-row-stretched\"><div class=\"wpb_column vc_column_container vc_col-sm-12\"><div class=\"vc_column-inner\"><div class=\"wpb_wrapper\"><style>.vcex-image-banner.vcex_69ff35e3abf9c .vcex-ib-content-wrap{padding-top:40%;}<\/style><div class=\"vcex-module vcex-image-banner wpex-flex wpex-flex-col wpex-w-100 wpex-justify-center wpex-relative wpex-overflow-hidden wpex-bg-gray-900 wpex-text-white wpex-hover-text-white wpex-text-left vcex_69ff35e3abf9c\"><span class=\"vcex-ib-img wpex-block wpex-transition-all wpex-duration-500 wpex-bg-cover wpex-absolute wpex-inset-0\" style=\"background-image:url(https:\/\/www.humor-impulse.eu\/wp-content\/uploads\/2020\/03\/kirsten_haenle_start_1.jpg);\"><\/span><div class=\"vcex-ib-overlay wpex-absolute wpex-inset-0 wpex-transition-all wpex-duration-500\"><div class=\"vcex-ib-overlay-bg wpex-absolute wpex-inset-0 wpex-bg-black wpex-opacity-30 wpex-mix-blend-darken\"><\/div><\/div><div class=\"vcex-ib-content-wrap wpex-w-100 wpex-transition-all wpex-duration-500 wpex-py-100 wpex-px-40 wpex-relative\"><div class=\"vcex-ib-content wpex-mr-auto\"><\/div><\/div><\/div><\/div><\/div><\/div><\/div><div class=\"vc_row-full-width vc_clearfix\"><\/div><div class=\"vc_row wpb_row vc_row-fluid vc_row-o-content-middle vc_row-flex\"><div class=\"wpb_column vc_column_container vc_col-sm-6\"><div class=\"vc_column-inner\"><div class=\"wpb_wrapper\"><style>.vcex-breadcrumbs.vcex_69ff35e3adea3{--vcex-breadcrumbs-sep-color:var(--wpex-accent);color:var(--wpex-accent);font-size:14px;letter-spacing:var(--wpex-tracking-widest);}<\/style><nav class=\"vcex-breadcrumbs vcex-breadcrumbs--links-inherit-color vcex-breadcrumbs--custom-color vcex_69ff35e3adea3\"><nav aria-label=\"breadcrumbs\" class=\"rank-math-breadcrumb\"><p><span class=\"last\">Humor Impulse<\/span><\/p><\/nav><\/nav><style>.vcex-heading.vcex_69ff35e3af553{font-weight:600;line-height:var(--wpex-leading-tight);}<\/style><div class=\"vcex-heading vcex-heading-plain vcex-module wpex-h1 vcex_69ff35e3af553\"><span class=\"vcex-heading-inner wpex-inline-block\">Kirsten Haenle<br \/>\nHumor Trainerin<br \/>\nmit Esprit &amp; Herz<\/span><\/div><\/div><\/div><\/div><div class=\"wpb_column vc_column_container vc_col-sm-6\"><div class=\"vc_column-inner\"><div class=\"wpb_wrapper\"><\/div><\/div><\/div><\/div><div data-vc-full-width=\"true\" data-vc-full-width-init=\"false\" class=\"vc_row wpb_row vc_row-fluid vc_custom_1731966009697 wpex-vc_row-has-fill wpex-vc-row-stretched\"><div class=\"wpb_column vc_column_container vc_col-sm-12\"><div class=\"vc_column-inner\"><div class=\"wpb_wrapper\"><style>.vcex-heading.vcex_69ff35e3b0417{font-weight:600;}<\/style><h2 class=\"vcex-heading vcex-heading-plain vcex-module wpex-h2 wpex-text-left vcex_69ff35e3b0417\"><span class=\"vcex-heading-inner wpex-inline-block\">\u00dcber mich \u2013 Vita in K\u00fcrze<\/span><\/h2><style> style=\"height:20px;\"<\/style><div class=\"vcex-spacing wpex-w-100 wpex-clear\" style=\"height:20px;\"><\/div><style>.vcex-bullets.vcex_69ff35e3b0ae6 .vcex-bullets-icon{color:var(--wpex-accent);}.vcex-bullets.vcex_69ff35e3b0ae6{line-height:var(--wpex-leading-loose);}<\/style><div class=\"vcex-module vcex-bullets custom-icon wpex-mb-0 wpex-p-0 vcex_69ff35e3b0ae6\">\n<ul>\n<li><div class=\"vcex-bullets-ci-wrap wpex-inline-flex\"><span class=\"vcex-bullets-icon-wrap vcex-icon-wrap wpex-mr-10\"><span class=\"vcex-bullets-icon vcex-icon fas fa-angle-right\" aria-hidden=\"true\"><\/span><\/span><div class=\"vcex-content wpex-flex-grow\">Ich bin eine schw\u00e4bisch-bayerische Optimistin, geboren in Mittelfranken, aufgewachsen im hessischen Odenwald, bedauerlicherweise dialektfrei.<\/div><\/div><\/li>\n<li><div class=\"vcex-bullets-ci-wrap wpex-inline-flex\"><span class=\"vcex-bullets-icon-wrap vcex-icon-wrap wpex-mr-10\"><span class=\"vcex-bullets-icon vcex-icon fas fa-angle-right\" aria-hidden=\"true\"><\/span><\/span><div class=\"vcex-content wpex-flex-grow\">Ein Studium der Betriebswirtschaft,<span class=\"Apple-converted-space\">\u00a0 <\/span>mehrere Fach- und F\u00fchrungspositionen in internationalen Firmen sowie ein lebendiges Familienleben f\u00fchrten mich \u00fcber Frankfurt, Maastricht,<span class=\"Apple-converted-space\">\u00a0 <\/span>Ann Arbor in Michigan letztendlich nach Freiburg.<\/div><\/div><\/li>\n<li><div class=\"vcex-bullets-ci-wrap wpex-inline-flex\"><span class=\"vcex-bullets-icon-wrap vcex-icon-wrap wpex-mr-10\"><span class=\"vcex-bullets-icon vcex-icon fas fa-angle-right\" aria-hidden=\"true\"><\/span><\/span><div class=\"vcex-content wpex-flex-grow\">2020 wagte ich den Sprung in die Selbst\u00e4ndigkeit als Humortrainerin\/Coach und gr\u00fcndete das Unternehmen humor impulse kirsten haenle.<\/div><\/div><\/li>\n<li><div class=\"vcex-bullets-ci-wrap wpex-inline-flex\"><span class=\"vcex-bullets-icon-wrap vcex-icon-wrap wpex-mr-10\"><span class=\"vcex-bullets-icon vcex-icon fas fa-angle-right\" aria-hidden=\"true\"><\/span><\/span><div class=\"vcex-content wpex-flex-grow\">Die Ausbildungen zur Humortrainerin, Humorberaterin, Diplom Schauspielerin f\u00fcr Clown und Comedy und Lachyoga-Trainerin lieferten mir das theoretische Fundament und das praktische Handwerkszeug f\u00fcr meine Humortrainings und Humorseminare.<\/div><\/div><\/li>\n<li><div class=\"vcex-bullets-ci-wrap wpex-inline-flex\"><span class=\"vcex-bullets-icon-wrap vcex-icon-wrap wpex-mr-10\"><span class=\"vcex-bullets-icon vcex-icon fas fa-angle-right\" aria-hidden=\"true\"><\/span><\/span><div class=\"vcex-content wpex-flex-grow\">In meiner freien Zeit singe, radele, wandere und lese ich. Ich versch\u00f6nere unseren Garten und genie\u00dfe das Freiburger Kulturleben mit Freunden und Familie.<\/div><\/div><\/li>\n<\/ul>\n<\/div><\/div><\/div><\/div><\/div><div class=\"vc_row-full-width vc_clearfix\"><\/div><div data-vc-full-width=\"true\" data-vc-full-width-init=\"false\" class=\"vc_row wpb_row vc_row-fluid vc_custom_1728578064685 wpex-vc_row-has-fill wpex-vc-row-stretched\"><div class=\"wpb_column vc_column_container vc_col-sm-12\"><div class=\"vc_column-inner\"><div class=\"wpb_wrapper\"><style>.vcex-heading.vcex_69ff35e3b16fd{font-weight:600;}<\/style><h2 class=\"vcex-heading vcex-heading-plain vcex-module wpex-h2 wpex-text-left vcex_69ff35e3b16fd\"><span class=\"vcex-heading-inner wpex-inline-block\">Warum sollten Sie mit mir arbeiten?<\/span><\/h2><div class=\"vcex-spacing wpex-w-100 wpex-clear\"><\/div><style>.vcex-steps.vcex_69ff35e3b1c0e .vcex-steps-item__symbol{width:2em;height:2em;}.vcex-steps.vcex_69ff35e3b1c0e .vcex-steps-item__heading{font-weight:600;}<\/style><div class=\"vcex-steps vcex-steps--vertical wpex-mb-0 vcex_69ff35e3b1c0e\"><div class=\"vcex-steps__items wpex-grid\"><div class=\"vcex-steps-item vcex-steps-item--1 wpex-flex\"><div class=\"vcex-steps-item__figure wpex-flex wpex-items-center wpex-mr-10 wpex-flex-col wpex-mr-10\"><span class=\"vcex-steps-item__symbol vcex-steps-item__symbol--outline wpex-text-md wpex-inline-flex wpex-items-center wpex-justify-center wpex-flex-shrink-0 wpex-leading-none wpex-tracking-normal wpex-rounded-full wpex-text-accent wpex-border wpex-border-solid\">1<\/span><span class=\"vcex-steps-item__line wpex-block wpex-grow wpex-bg-accent wpex-w-1px wpex-h-100\"><\/span><\/div><div class=\"vcex-steps-item__content wpex-flex-grow wpex-mb-30\"><div class=\"vcex-steps-item__text wpex-last-mb-0 wpex-mt-0\"><p>Jedes meiner Projekte ist ein Unikat und passt sich an die Bed\u00fcrfnisse meiner Kunden an. Gemeinsam erarbeiten wir die individuellen Ziele und Schwerpunkte Ihrer Veranstaltung.<\/p>\n<\/div><\/div><\/div><div class=\"vcex-steps-item vcex-steps-item--2 wpex-flex\"><div class=\"vcex-steps-item__figure wpex-flex wpex-items-center wpex-mr-10 wpex-flex-col wpex-mr-10\"><span class=\"vcex-steps-item__symbol vcex-steps-item__symbol--outline wpex-text-md wpex-inline-flex wpex-items-center wpex-justify-center wpex-flex-shrink-0 wpex-leading-none wpex-tracking-normal wpex-rounded-full wpex-text-accent wpex-border wpex-border-solid\">2<\/span><span class=\"vcex-steps-item__line wpex-block wpex-grow wpex-bg-accent wpex-w-1px wpex-h-100\"><\/span><\/div><div class=\"vcex-steps-item__content wpex-flex-grow wpex-mb-30\"><div class=\"vcex-steps-item__text wpex-last-mb-0 wpex-mt-0\"><p>In meinen Seminaren und Vortr\u00e4gen bin ich voller Elan. Meine Kunden sagen mir eine charmante Beharrlichkeit nach, die die Teilnehmenden in Aktion bringt. <\/p>\n<\/div><\/div><\/div><div class=\"vcex-steps-item vcex-steps-item--3 wpex-flex\"><div class=\"vcex-steps-item__figure wpex-flex wpex-items-center wpex-mr-10 wpex-flex-col wpex-mr-10\"><span class=\"vcex-steps-item__symbol vcex-steps-item__symbol--outline wpex-text-md wpex-inline-flex wpex-items-center wpex-justify-center wpex-flex-shrink-0 wpex-leading-none wpex-tracking-normal wpex-rounded-full wpex-text-accent wpex-border wpex-border-solid\">3<\/span><span class=\"vcex-steps-item__line wpex-block wpex-grow wpex-bg-accent wpex-w-1px wpex-h-100\"><\/span><\/div><div class=\"vcex-steps-item__content wpex-flex-grow wpex-mb-30\"><div class=\"vcex-steps-item__text wpex-last-mb-0 wpex-mt-0\"><p>Ich brenne f\u00fcr das Thema Humor. Meine Begeisterung \u00fcbertr\u00e4gt sich rasch auf die Teilnehmenden.<\/p>\n<\/div><\/div><\/div><div class=\"vcex-steps-item vcex-steps-item--4 wpex-flex\"><div class=\"vcex-steps-item__figure wpex-flex wpex-items-center wpex-mr-10 wpex-flex-col wpex-mr-10\"><span class=\"vcex-steps-item__symbol vcex-steps-item__symbol--outline wpex-text-md wpex-inline-flex wpex-items-center wpex-justify-center wpex-flex-shrink-0 wpex-leading-none wpex-tracking-normal wpex-rounded-full wpex-text-accent wpex-border wpex-border-solid\">4<\/span><span class=\"vcex-steps-item__line wpex-block wpex-grow wpex-bg-accent wpex-w-1px wpex-h-100\"><\/span><\/div><div class=\"vcex-steps-item__content wpex-flex-grow wpex-mb-30\"><div class=\"vcex-steps-item__text wpex-last-mb-0 wpex-mt-0\"><p>Ich liebe die Arbeit mit Menschen. Durch gute Intuition, Schalk und Feinf\u00fchligkeit, gelingt es mir, die Teilnehmenden in Bewegung zu bringen und eine gute Atmosph\u00e4re in der Gruppe zu schaffen.<\/p>\n<\/div><\/div><\/div><div class=\"vcex-steps-item vcex-steps-item--5 wpex-flex\"><div class=\"vcex-steps-item__figure wpex-flex wpex-items-center wpex-mr-10 wpex-flex-col wpex-mr-10\"><span class=\"vcex-steps-item__symbol vcex-steps-item__symbol--outline wpex-text-md wpex-inline-flex wpex-items-center wpex-justify-center wpex-flex-shrink-0 wpex-leading-none wpex-tracking-normal wpex-rounded-full wpex-text-accent wpex-border wpex-border-solid\">5<\/span><span class=\"vcex-steps-item__line wpex-block wpex-grow wpex-bg-accent wpex-w-1px wpex-h-100\"><\/span><\/div><div class=\"vcex-steps-item__content wpex-flex-grow wpex-mb-30\"><div class=\"vcex-steps-item__text wpex-last-mb-0 wpex-mt-0\"><p>Durch meine langj\u00e4hrige T\u00e4tigkeit als Dipl. Betriebswirtin in internationalen Unternehmen kenne ich die Stolpersteine im Arbeitsalltag aus eigener Erfahrung. <\/p>\n<\/div><\/div><\/div><div class=\"vcex-steps-item vcex-steps-item--6 wpex-flex\"><div class=\"vcex-steps-item__figure wpex-flex wpex-items-center wpex-mr-10 wpex-flex-col wpex-mr-10\"><span class=\"vcex-steps-item__symbol vcex-steps-item__symbol--outline wpex-text-md wpex-inline-flex wpex-items-center wpex-justify-center wpex-flex-shrink-0 wpex-leading-none wpex-tracking-normal wpex-rounded-full wpex-text-accent wpex-border wpex-border-solid\">6<\/span><span class=\"vcex-steps-item__line wpex-block wpex-grow wpex-bg-accent wpex-w-1px wpex-h-100\"><\/span><\/div><div class=\"vcex-steps-item__content wpex-flex-grow wpex-mb-30\"><div class=\"vcex-steps-item__text wpex-last-mb-0 wpex-mt-0\"><p>Meine Seminare sind ein kurzweiliger Mix aus theoretischen Aspekte, erfahrbarer Praxis und ansprechenden Materialien.<\/p>\n<\/div><\/div><\/div><div class=\"vcex-steps-item vcex-steps-item--7 wpex-flex\"><div class=\"vcex-steps-item__figure wpex-flex wpex-items-center wpex-mr-10 wpex-flex-col wpex-mr-10\"><span class=\"vcex-steps-item__symbol vcex-steps-item__symbol--outline wpex-text-md wpex-inline-flex wpex-items-center wpex-justify-center wpex-flex-shrink-0 wpex-leading-none wpex-tracking-normal wpex-rounded-full wpex-text-accent wpex-border wpex-border-solid\">7<\/span><\/div><div class=\"vcex-steps-item__content wpex-flex-grow wpex-mb-30\"><div class=\"vcex-steps-item__text wpex-last-mb-0 wpex-mt-0\"><p>Der Praxistransfer der einzelnen Methoden und \u00dcbungen in Ihren Berufsalltag ist mir sehr wichtig. Diesen stelle ich anhand anschaulicher Beispiele sicher.<\/p>\n<\/div><\/div><\/div><\/div><\/div><\/div><\/div><\/div><\/div><div class=\"vc_row-full-width vc_clearfix\"><\/div><div class=\"vc_row wpb_row vc_row-fluid\"><div class=\"wpb_column vc_column_container vc_col-sm-6\"><div class=\"vc_column-inner\"><div class=\"wpb_wrapper\"><figure class=\"vcex-image vcex-module  wpb_animate_when_almost_visible wpb_zoomIn zoomIn\"><div class=\"vcex-image-inner wpex-relative wpex-inline-block\"><img width=\"700\" height=\"700\" src=\"https:\/\/www.humor-impulse.eu\/wp-content\/uploads\/2020\/04\/kirsten_haenle_vita_1.jpg\" class=\"vcex-image-img wpex-align-middle\" alt=\"\" loading=\"lazy\" decoding=\"async\" srcset=\"https:\/\/www.humor-impulse.eu\/wp-content\/uploads\/2020\/04\/kirsten_haenle_vita_1.jpg 700w, https:\/\/www.humor-impulse.eu\/wp-content\/uploads\/2020\/04\/kirsten_haenle_vita_1-300x300.jpg 300w, https:\/\/www.humor-impulse.eu\/wp-content\/uploads\/2020\/04\/kirsten_haenle_vita_1-150x150.jpg 150w\" sizes=\"auto, (max-width: 700px) 100vw, 700px\" \/><\/div><\/figure><\/div><\/div><\/div><div class=\"wpb_column vc_column_container vc_col-sm-6\"><div class=\"vc_column-inner\"><div class=\"wpb_wrapper\"><figure class=\"vcex-image vcex-module  wpb_animate_when_almost_visible wpb_zoomIn zoomIn\"><div class=\"vcex-image-inner wpex-relative wpex-inline-block\"><img width=\"700\" height=\"700\" src=\"https:\/\/www.humor-impulse.eu\/wp-content\/uploads\/2020\/04\/kirsten_haenle_vita_4.jpg\" class=\"vcex-image-img wpex-align-middle\" alt=\"\" loading=\"lazy\" decoding=\"async\" srcset=\"https:\/\/www.humor-impulse.eu\/wp-content\/uploads\/2020\/04\/kirsten_haenle_vita_4.jpg 700w, https:\/\/www.humor-impulse.eu\/wp-content\/uploads\/2020\/04\/kirsten_haenle_vita_4-150x150@2x.jpg 300w, https:\/\/www.humor-impulse.eu\/wp-content\/uploads\/2020\/04\/kirsten_haenle_vita_4-150x150.jpg 150w, https:\/\/www.humor-impulse.eu\/wp-content\/uploads\/2020\/04\/kirsten_haenle_vita_4-300x300@2x.jpg 600w\" sizes=\"auto, (max-width: 700px) 100vw, 700px\" \/><\/div><\/figure><\/div><\/div><\/div><\/div>\n<\/div>","protected":false},"excerpt":{"rendered":"Humor ImpulseKirsten Haenle Humor Trainerin mit Esprit &amp; Herz\u00dcber mich \u2013 Vita in K\u00fcrze Ich bin eine schw\u00e4bisch-bayerische Optimistin, geboren in Mittelfranken, aufgewachsen im hessischen Odenwald, bedauerlicherweise dialektfrei. Ein Studium der Betriebswirtschaft,\u00a0 mehrere Fach- und F\u00fchrungspositionen in internationalen Firmen sowie ein lebendiges Familienleben f\u00fchrten mich \u00fcber Frankfurt, Maastricht,\u00a0 Ann Arbor in Michigan letztendlich nach Freiburg.&hellip;","protected":false},"author":1,"featured_media":0,"parent":0,"menu_order":5,"comment_status":"open","ping_status":"closed","template":"","meta":{"footnotes":""},"class_list":["post-2501","page","type-page","status-publish","hentry","entry","no-media"],"_links":{"self":[{"href":"https:\/\/www.humor-impulse.eu\/en\/wp-json\/wp\/v2\/pages\/2501","targetHints":{"allow":["GET"]}}],"collection":[{"href":"https:\/\/www.humor-impulse.eu\/en\/wp-json\/wp\/v2\/pages"}],"about":[{"href":"https:\/\/www.humor-impulse.eu\/en\/wp-json\/wp\/v2\/types\/page"}],"author":[{"embeddable":true,"href":"https:\/\/www.humor-impulse.eu\/en\/wp-json\/wp\/v2\/users\/1"}],"replies":[{"embeddable":true,"href":"https:\/\/www.humor-impulse.eu\/en\/wp-json\/wp\/v2\/comments?post=2501"}],"version-history":[{"count":33,"href":"https:\/\/www.humor-impulse.eu\/en\/wp-json\/wp\/v2\/pages\/2501\/revisions"}],"predecessor-version":[{"id":3363,"href":"https:\/\/www.humor-impulse.eu\/en\/wp-json\/wp\/v2\/pages\/2501\/revisions\/3363"}],"wp:attachment":[{"href":"https:\/\/www.humor-impulse.eu\/en\/wp-json\/wp\/v2\/media?parent=2501"}],"curies":[{"name":"wp","href":"https:\/\/api.w.org\/{rel}","templated":true}]}}