{"id":488,"date":"2020-04-14T09:40:55","date_gmt":"2020-04-14T07:40:55","guid":{"rendered":"https:\/\/www.humor-impulse.eu\/?page_id=488"},"modified":"2025-10-01T17:56:49","modified_gmt":"2025-10-01T15:56:49","slug":"impressum-datenschutzerklaerung","status":"publish","type":"page","link":"https:\/\/www.humor-impulse.eu\/en\/impressum-datenschutzerklaerung\/","title":{"rendered":"Imprint\/Privacy Policy"},"content":{"rendered":"<div class=\"wpb-content-wrapper\"><div class=\"vc_row wpb_row vc_row-fluid\"><div class=\"wpb_column vc_column_container vc_col-sm-12\"><div class=\"vc_column-inner\"><div class=\"wpb_wrapper\">\n\t<div class=\"wpb_text_column wpb_content_element\" >\n\t\t<div class=\"wpb_wrapper\">\n\t\t\t<p><strong>For the content of this website is responsible - according to TMG (Telemediengesetz):<\/strong><\/p>\n<p>Humor Impulse<br \/>\nKirsten Haenle<br \/>\nUnterer Heimbachweg 5<br \/>\n79280 Au bei Freiburg<br \/>\nGermany<\/p>\n<p>Phone: +49 172 66 44 660<br \/>\neMail: hello@humor-impulse.eu<\/p>\n<p><strong>Notice of liability<\/strong><\/p>\n<p>We do not take any liability for the contents of external links. The owners of linked\nwebsites are exclusively responsible for their contents.<\/p>\n<p><strong>Copyright<\/strong><\/p>\n<p class=\"translation-block\">\u00a9 Kirsten Haenle (property rights))<br>\nAll rights reserved. The contents of this website are protected by copyright.\nText, photos, design, sounds, animation and videos of this website cannot be used or\nreproduced in any format unless the information or design etc. are explicitly defined or rather marked for further processing.<\/p>\n<p><strong>Privacy Statement<\/strong><\/p>\n<p>When entering the website www.humor-impulse.eu information from the website on your device will be automatically sent to the server of our website (Strato GmbH). This\ninformation will be temporarily saved in a so-called logfile. The following information will be captured without recording your activity and anonymised automatically after seven days:<\/p>\n<p>- IP address of the visiting computer<\/p>\n<p>This data is required to ensure a trouble-free connection to the website.\nAt no time will the information be used to determine your identity.<\/p>\n<p class=\"translation-block\">Editor: Kirsten Haenle<br>\nRealisation: Ursula Halfmann<br>\nPhotos: Johanna K. Haenle<\/p>\n<h3 data-start=\"620\" data-end=\"638\"><strong data-start=\"624\" data-end=\"638\">Newsletter<\/strong><\/h3>\n<p data-start=\"640\" data-end=\"802\">Wenn Sie sich zu unserem Newsletter anmelden, verwenden wir Ihre E-Mail-Adresse, um Sie regelm\u00e4\u00dfig \u00fcber unsere Angebote, Produkte oder Neuigkeiten zu informieren.<\/p>\n<p data-start=\"804\" data-end=\"1048\">Die Anmeldung erfolgt im Double-Opt-In-Verfahren. Nach der Anmeldung erhalten Sie eine E-Mail, in der Sie um die Best\u00e4tigung Ihrer Anmeldung gebeten werden. Erst nach dieser Best\u00e4tigung wird Ihre E-Mail-Adresse in unseren Verteiler aufgenommen.<\/p>\n<p data-start=\"1050\" data-end=\"1305\">F\u00fcr den Versand des Newsletters nutzen wir das WordPress-Plugin <strong data-start=\"1114\" data-end=\"1148\">\u201eNewsletter\u201c von Stefano Lissa<\/strong>. Die Datenverarbeitung erfolgt dabei ausschlie\u00dflich auf unserem eigenen Webserver. Es findet keine Weitergabe der Daten an Dritte oder in Drittl\u00e4nder statt.<\/p>\n<p data-start=\"1307\" data-end=\"1641\"><strong data-start=\"1307\" data-end=\"1326\">Rechtsgrundlage<\/strong> f\u00fcr die Verarbeitung Ihrer Daten ist Ihre Einwilligung gem\u00e4\u00df Art. 6 Abs. 1 lit. a DSGVO. Sie k\u00f6nnen Ihre Einwilligung jederzeit mit Wirkung f\u00fcr die Zukunft widerrufen, z.\u202fB. \u00fcber den Abmeldelink im Newsletter oder durch eine Nachricht an uns. Nach Abmeldung werden Ihre Daten aus dem Newsletter-Verteiler gel\u00f6scht.<\/p>\n\n\t\t<\/div>\n\t<\/div>\n<\/div><\/div><\/div><\/div>\n<\/div>","protected":false},"excerpt":{"rendered":"F\u00fcr den Inhalt dieser Website ist gem\u00e4\u00df \u00a75 TMG verantwortlich Humor Impulse Kirsten Haenle Unterer Heimbachweg 5 79280 Au bei Freiburg Germany Telefon: +49 172 66 44 660 E-Mail: hello@humor-impulse.eu Haftungshinweis Wir \u00fcbernehmen keine Haftung f\u00fcr die Inhalte externer Links. F\u00fcr den Inhalt der verlinkten Seiten sind ausschlie\u00dflich deren Betreiber verantwortlich. Urheberrecht \u00a9 Kirsten Haenle&hellip;","protected":false},"author":1,"featured_media":0,"parent":0,"menu_order":17,"comment_status":"open","ping_status":"closed","template":"","meta":{"footnotes":""},"class_list":["post-488","page","type-page","status-publish","hentry","entry","no-media"],"_links":{"self":[{"href":"https:\/\/www.humor-impulse.eu\/en\/wp-json\/wp\/v2\/pages\/488","targetHints":{"allow":["GET"]}}],"collection":[{"href":"https:\/\/www.humor-impulse.eu\/en\/wp-json\/wp\/v2\/pages"}],"about":[{"href":"https:\/\/www.humor-impulse.eu\/en\/wp-json\/wp\/v2\/types\/page"}],"author":[{"embeddable":true,"href":"https:\/\/www.humor-impulse.eu\/en\/wp-json\/wp\/v2\/users\/1"}],"replies":[{"embeddable":true,"href":"https:\/\/www.humor-impulse.eu\/en\/wp-json\/wp\/v2\/comments?post=488"}],"version-history":[{"count":2,"href":"https:\/\/www.humor-impulse.eu\/en\/wp-json\/wp\/v2\/pages\/488\/revisions"}],"predecessor-version":[{"id":3132,"href":"https:\/\/www.humor-impulse.eu\/en\/wp-json\/wp\/v2\/pages\/488\/revisions\/3132"}],"wp:attachment":[{"href":"https:\/\/www.humor-impulse.eu\/en\/wp-json\/wp\/v2\/media?parent=488"}],"curies":[{"name":"wp","href":"https:\/\/api.w.org\/{rel}","templated":true}]}}