{"id":757,"date":"2021-01-09T00:30:34","date_gmt":"2021-01-08T23:30:34","guid":{"rendered":"https:\/\/www.humor-impulse.eu\/?page_id=757"},"modified":"2025-02-26T22:43:20","modified_gmt":"2025-02-26T21:43:20","slug":"portfolio","status":"publish","type":"page","link":"https:\/\/www.humor-impulse.eu\/en\/portfolio\/","title":{"rendered":"Portfolio"},"content":{"rendered":"<div class=\"wpb-content-wrapper\"><div class=\"vc_row wpb_row vc_row-fluid vc_custom_1715547116609 vc_row-o-content-middle vc_row-flex\"><div class=\"wpb_column vc_column_container vc_col-sm-6\"><div class=\"vc_column-inner\"><div class=\"wpb_wrapper\"><style>.vcex-breadcrumbs.vcex_69fca46754850{--vcex-breadcrumbs-sep-color:var(--wpex-accent);color:var(--wpex-accent);font-size:14px;letter-spacing:var(--wpex-tracking-widest);}<\/style><nav class=\"vcex-breadcrumbs vcex-breadcrumbs--links-inherit-color vcex-breadcrumbs--custom-color vcex_69fca46754850\"><nav aria-label=\"breadcrumbs\" class=\"rank-math-breadcrumb\"><p><span class=\"last\">Humor Impulse<\/span><\/p><\/nav><\/nav><style>.vcex-heading.vcex_69fca46757b09{font-weight:600;line-height:var(--wpex-leading-tight);}<\/style><h1 class=\"vcex-heading vcex-heading-plain vcex-module wpex-h1 vcex_69fca46757b09\"><span class=\"vcex-heading-inner wpex-inline-block\">Portfolio<\/span><\/h1><\/div><\/div><\/div><div class=\"wpb_column vc_column_container vc_col-sm-6\"><div class=\"vc_column-inner\"><div class=\"wpb_wrapper\"><\/div><\/div><\/div><\/div><div data-vc-full-width=\"true\" data-vc-full-width-init=\"false\" class=\"vc_row wpb_row vc_row-fluid vc_custom_1739828533503 vc_row-o-content-middle vc_row-flex wpex-vc-has-custom-column-spacing wpex-vc-column-spacing-60 wpex-vc-row-stretched\"><div class=\"wpb_column vc_column_container vc_col-sm-6\"><div class=\"vc_column-inner\"><div class=\"wpb_wrapper\"><style>.vcex-heading.vcex_69fca4675a82e{font-weight:600;}<\/style><h2 class=\"vcex-heading vcex-heading-plain vcex-module wpex-h2 wpex-text-left vcex_69fca4675a82e\"><span class=\"vcex-heading-inner wpex-inline-block\">Seminars\/Trainings<\/span><\/h2>\n\t<div class=\"wpb_text_column wpb_content_element\" >\n\t\t<div class=\"wpb_wrapper\">\n\t\t\t<p>In meinen praxisnahen Humortrainings entdecken Sie Ihren einzigartigen \u201eHumor-Fingerabdruck\u201c und lernen, Humor gezielt f\u00fcr mehr Leichtigkeit, Teamgeist und Stressresistenz einzusetzen. Mit bew\u00e4hrten Methoden und Techniken st\u00e4rken Sie Ihre Kommunikation, f\u00f6rdern ein positives Betriebsklima und verbessern nachweislich Ihr Wohlbefinden.<\/p>\n\n\t\t<\/div>\n\t<\/div>\n<style> style=\"height:10px;\"<\/style><div class=\"vcex-spacing wpex-w-100 wpex-clear\" style=\"height:10px;\"><\/div><style> style=\"height:40px;\"<\/style><div class=\"vcex-spacing wpex-w-100 wpex-clear\" style=\"height:40px;\"><\/div><style>.vcex-multi-buttons.vcex_69fca4675be9a .theme-button,.vcex-multi-buttons.vcex_69fca4675be9a .theme-txt-link{padding-top:15px;padding-right:25px;padding-bottom:15px;padding-left:25px;font-size:14px;letter-spacing:var(--wpex-tracking-wider);text-transform:uppercase;}<\/style><div class=\"vcex-multi-buttons wpex-flex wpex-flex-wrap wpex-items-center wpex-gap-10 wpex-justify-start vcex_69fca4675be9a\"><a href=\"https:\/\/www.humor-impulse.eu\/en\/seminar\/\" class=\"theme-button flat outline-transparent wpex-text-center vcex-count-1\">Training und Seminar Angebote<\/a><\/div><\/div><\/div><\/div><div class=\"wpb_column vc_column_container vc_col-sm-6\"><div class=\"vc_column-inner\"><div class=\"wpb_wrapper\"><style>.vcex-image.vcex_69fca4675cda7 .vcex-image-img{object-position:center;}<\/style><figure class=\"vcex-image vcex-module vcex_69fca4675cda7\"><div class=\"vcex-image-inner wpex-relative wpex-w-100\"><img width=\"2000\" height=\"1334\" src=\"https:\/\/www.humor-impulse.eu\/wp-content\/uploads\/2020\/12\/IMG_6690.jpg\" class=\"vcex-image-img wpex-align-middle wpex-w-100 wpex-aspect-1-1 wpex-object-cover\" alt=\"Humortraining\" loading=\"lazy\" decoding=\"async\" srcset=\"https:\/\/www.humor-impulse.eu\/wp-content\/uploads\/2020\/12\/IMG_6690.jpg 2000w, https:\/\/www.humor-impulse.eu\/wp-content\/uploads\/2020\/12\/IMG_6690-300x200.jpg 300w, https:\/\/www.humor-impulse.eu\/wp-content\/uploads\/2020\/12\/IMG_6690-1024x683.jpg 1024w, https:\/\/www.humor-impulse.eu\/wp-content\/uploads\/2020\/12\/IMG_6690-768x512.jpg 768w, https:\/\/www.humor-impulse.eu\/wp-content\/uploads\/2020\/12\/IMG_6690-1536x1025.jpg 1536w, https:\/\/www.humor-impulse.eu\/wp-content\/uploads\/2020\/12\/IMG_6690-16x12.jpg 16w\" sizes=\"auto, (max-width: 2000px) 100vw, 2000px\" \/><\/div><\/figure><\/div><\/div><\/div><\/div><div class=\"vc_row-full-width vc_clearfix\"><\/div><div data-vc-full-width=\"true\" data-vc-full-width-init=\"false\" class=\"vc_row wpb_row vc_row-fluid vc_custom_1739719489072 vc_row-o-content-middle vc_row-flex wpex-vc-has-custom-column-spacing wpex-vc-column-spacing-60 wpex-vc_row-has-fill wpex-vc-row-stretched\"><div class=\"wpb_column vc_column_container vc_col-sm-6\"><div class=\"vc_column-inner\"><div class=\"wpb_wrapper\"><figure class=\"vcex-image vcex-module\"><div class=\"vcex-image-inner wpex-relative wpex-w-100\"><img width=\"1050\" height=\"700\" src=\"https:\/\/www.humor-impulse.eu\/wp-content\/uploads\/2020\/04\/kirsten_haenle_vortrag2.jpg\" class=\"vcex-image-img wpex-align-middle wpex-w-100 wpex-aspect-1-1 wpex-object-cover\" alt=\"\" loading=\"lazy\" decoding=\"async\" srcset=\"https:\/\/www.humor-impulse.eu\/wp-content\/uploads\/2020\/04\/kirsten_haenle_vortrag2.jpg 1050w, https:\/\/www.humor-impulse.eu\/wp-content\/uploads\/2020\/04\/kirsten_haenle_vortrag2-300x200.jpg 300w, https:\/\/www.humor-impulse.eu\/wp-content\/uploads\/2020\/04\/kirsten_haenle_vortrag2-1024x683.jpg 1024w, https:\/\/www.humor-impulse.eu\/wp-content\/uploads\/2020\/04\/kirsten_haenle_vortrag2-768x512.jpg 768w\" sizes=\"auto, (max-width: 1050px) 100vw, 1050px\" \/><\/div><\/figure><\/div><\/div><\/div><div class=\"wpb_column vc_column_container vc_col-sm-6\"><div class=\"vc_column-inner\"><div class=\"wpb_wrapper\"><style>.vcex-heading.vcex_69fca46760aae{font-weight:600;}<\/style><h2 class=\"vcex-heading vcex-heading-plain vcex-module wpex-h2 wpex-text-left vcex_69fca46760aae\"><span class=\"vcex-heading-inner wpex-inline-block\">Interactive Talks<\/span><\/h2>\n\t<div class=\"wpb_text_column wpb_content_element\" >\n\t\t<div class=\"wpb_wrapper\">\n\t\t\t<p>Sie suchen eine mitrei\u00dfende, humorvolle Bereicherung f\u00fcr Ihre Veranstaltung? Meine Erlebnisvortr\u00e4ge verbinden Inspiration mit fundiertem Wissen \u2013 praxisnah, interaktiv und voller Humor-Impulse f\u00fcr den Arbeitsalltag. Ein Vortrag, der begeistert und nachhaltig wirkt!<\/p>\n\n\t\t<\/div>\n\t<\/div>\n<style> style=\"height:10px;\"<\/style><div class=\"vcex-spacing wpex-w-100 wpex-clear\" style=\"height:10px;\"><\/div><style> style=\"height:40px;\"<\/style><div class=\"vcex-spacing wpex-w-100 wpex-clear\" style=\"height:40px;\"><\/div><style>.vcex-multi-buttons.vcex_69fca467617f4 .theme-button,.vcex-multi-buttons.vcex_69fca467617f4 .theme-txt-link{padding-top:15px;padding-right:25px;padding-bottom:15px;padding-left:25px;font-size:14px;letter-spacing:var(--wpex-tracking-wider);text-transform:uppercase;}<\/style><div class=\"vcex-multi-buttons wpex-flex wpex-flex-wrap wpex-items-center wpex-gap-10 wpex-justify-start vcex_69fca467617f4\"><a href=\"https:\/\/www.humor-impulse.eu\/en\/vortraege\/\" class=\"theme-button flat outline-transparent wpex-text-center vcex-count-1\">Vortrag Angebote<\/a><\/div><\/div><\/div><\/div><\/div><div class=\"vc_row-full-width vc_clearfix\"><\/div><div data-vc-full-width=\"true\" data-vc-full-width-init=\"false\" class=\"vc_row wpb_row vc_row-fluid vc_custom_1739828543704 vc_row-o-content-middle vc_row-flex wpex-vc-has-custom-column-spacing wpex-vc-column-spacing-60 wpex-vc-row-stretched\"><div class=\"wpb_column vc_column_container vc_col-sm-6\"><div class=\"vc_column-inner\"><div class=\"wpb_wrapper\"><style>.vcex-heading.vcex_69fca46762bf6{font-weight:600;}<\/style><h2 class=\"vcex-heading vcex-heading-plain vcex-module wpex-h2 wpex-text-left vcex_69fca46762bf6\"><span class=\"vcex-heading-inner wpex-inline-block\">Coaching<\/span><\/h2>\n\t<div class=\"wpb_text_column wpb_content_element\" >\n\t\t<div class=\"wpb_wrapper\">\n\t\t\t<p>Im Humor-Einzelcoaching arbeiten Sie individuell an Ihren Entwicklungsthemen \u2013 ohne Leistungsdruck. Entdecken Sie Ihre Ressource Humor und st\u00e4rken Sie Ihre Leichtigkeit f\u00fcr Beruf und Alltag.<\/p>\n\n\t\t<\/div>\n\t<\/div>\n<style> style=\"height:10px;\"<\/style><div class=\"vcex-spacing wpex-w-100 wpex-clear\" style=\"height:10px;\"><\/div><style> style=\"height:40px;\"<\/style><div class=\"vcex-spacing wpex-w-100 wpex-clear\" style=\"height:40px;\"><\/div><style>.vcex-multi-buttons.vcex_69fca46763bca .theme-button,.vcex-multi-buttons.vcex_69fca46763bca .theme-txt-link{padding-top:15px;padding-right:25px;padding-bottom:15px;padding-left:25px;font-size:14px;letter-spacing:var(--wpex-tracking-wider);text-transform:uppercase;}<\/style><div class=\"vcex-multi-buttons wpex-flex wpex-flex-wrap wpex-items-center wpex-gap-10 wpex-justify-start vcex_69fca46763bca\"><a href=\"https:\/\/www.humor-impulse.eu\/en\/coaching\/\" class=\"theme-button flat outline-transparent wpex-text-center vcex-count-1\">Coaching Angebote<\/a><\/div><\/div><\/div><\/div><div class=\"wpb_column vc_column_container vc_col-sm-6\"><div class=\"vc_column-inner\"><div class=\"wpb_wrapper\"><style>.vcex-image.vcex_69fca467648a7 .vcex-image-img{object-position:center;}<\/style><figure class=\"vcex-image vcex-module vcex_69fca467648a7\"><div class=\"vcex-image-inner wpex-relative wpex-w-100\"><img width=\"1050\" height=\"700\" src=\"https:\/\/www.humor-impulse.eu\/wp-content\/uploads\/2020\/04\/kirsten_haenle_start_1aa.jpg\" class=\"vcex-image-img wpex-align-middle wpex-w-100 wpex-aspect-1-1 wpex-object-cover\" alt=\"Training, Vortr\u00e4ge mit Humor\" loading=\"lazy\" decoding=\"async\" srcset=\"https:\/\/www.humor-impulse.eu\/wp-content\/uploads\/2020\/04\/kirsten_haenle_start_1aa.jpg 1050w, https:\/\/www.humor-impulse.eu\/wp-content\/uploads\/2020\/04\/kirsten_haenle_start_1aa-300x200.jpg 300w, https:\/\/www.humor-impulse.eu\/wp-content\/uploads\/2020\/04\/kirsten_haenle_start_1aa-1024x683.jpg 1024w, https:\/\/www.humor-impulse.eu\/wp-content\/uploads\/2020\/04\/kirsten_haenle_start_1aa-768x512.jpg 768w\" sizes=\"auto, (max-width: 1050px) 100vw, 1050px\" \/><\/div><\/figure><\/div><\/div><\/div><\/div><div class=\"vc_row-full-width vc_clearfix\"><\/div><div data-vc-full-width=\"true\" data-vc-full-width-init=\"false\" class=\"vc_row wpb_row vc_row-fluid vc_custom_1739719489072 vc_row-o-content-middle vc_row-flex wpex-vc-has-custom-column-spacing wpex-vc-column-spacing-60 wpex-vc_row-has-fill wpex-vc-row-stretched\"><div class=\"wpb_column vc_column_container vc_col-sm-6\"><div class=\"vc_column-inner\"><div class=\"wpb_wrapper\"><style>.vcex-image.vcex_69fca467660fb .vcex-image-img{object-position:left;}<\/style><figure class=\"vcex-image vcex-module vcex_69fca467660fb\"><div class=\"vcex-image-inner wpex-relative wpex-w-100\"><img width=\"1050\" height=\"700\" src=\"https:\/\/www.humor-impulse.eu\/wp-content\/uploads\/2020\/04\/kirsten_haenle_mehoden.jpg\" class=\"vcex-image-img wpex-align-middle wpex-w-100 wpex-aspect-1-1 wpex-object-cover\" alt=\"Pausen mit erfrischenden Humor-Impulsen\" loading=\"lazy\" decoding=\"async\" srcset=\"https:\/\/www.humor-impulse.eu\/wp-content\/uploads\/2020\/04\/kirsten_haenle_mehoden.jpg 1050w, https:\/\/www.humor-impulse.eu\/wp-content\/uploads\/2020\/04\/kirsten_haenle_mehoden-150x100@2x.jpg 300w, https:\/\/www.humor-impulse.eu\/wp-content\/uploads\/2020\/04\/kirsten_haenle_mehoden-1024x683.jpg 1024w, https:\/\/www.humor-impulse.eu\/wp-content\/uploads\/2020\/04\/kirsten_haenle_mehoden-768x512.jpg 768w, https:\/\/www.humor-impulse.eu\/wp-content\/uploads\/2020\/04\/kirsten_haenle_mehoden-750x500.jpg 750w, https:\/\/www.humor-impulse.eu\/wp-content\/uploads\/2020\/04\/kirsten_haenle_mehoden-600x400.jpg 600w, https:\/\/www.humor-impulse.eu\/wp-content\/uploads\/2020\/04\/kirsten_haenle_mehoden-2x1.jpg 2w, https:\/\/www.humor-impulse.eu\/wp-content\/uploads\/2020\/04\/kirsten_haenle_mehoden-2x1@2x.jpg 4w, https:\/\/www.humor-impulse.eu\/wp-content\/uploads\/2020\/04\/kirsten_haenle_mehoden-150x100.jpg 150w, https:\/\/www.humor-impulse.eu\/wp-content\/uploads\/2020\/04\/kirsten_haenle_mehoden-100x67.jpg 100w\" sizes=\"auto, (max-width: 1050px) 100vw, 1050px\" \/><\/div><\/figure><\/div><\/div><\/div><div class=\"wpb_column vc_column_container vc_col-sm-6\"><div class=\"vc_column-inner\"><div class=\"wpb_wrapper\"><style>.vcex-heading.vcex_69fca4676739f{font-weight:600;}<\/style><h2 class=\"vcex-heading vcex-heading-plain vcex-module wpex-h2 wpex-text-left vcex_69fca4676739f\"><span class=\"vcex-heading-inner wpex-inline-block\">Humor-Pausen<\/span><\/h2>\n\t<div class=\"wpb_text_column wpb_content_element\" >\n\t\t<div class=\"wpb_wrapper\">\n\t\t\t<p>In den Humor-Pausen tanken Sie nicht nur frische Energie, sondern st\u00e4rken auch Ihr Immunsystem und f\u00f6rdern den Teamgeist. Durch abwechslungsreiche \u00dcbungen aktivieren Sie spielerisch Ihren Sinn f\u00fcr Humor und lernen Techniken, die Sie direkt im Arbeitsalltag einsetzen k\u00f6nnen.<\/p>\n\n\t\t<\/div>\n\t<\/div>\n<style> style=\"height:10px;\"<\/style><div class=\"vcex-spacing wpex-w-100 wpex-clear\" style=\"height:10px;\"><\/div><style> style=\"height:40px;\"<\/style><div class=\"vcex-spacing wpex-w-100 wpex-clear\" style=\"height:40px;\"><\/div><style>.vcex-multi-buttons.vcex_69fca4676827a .theme-button,.vcex-multi-buttons.vcex_69fca4676827a .theme-txt-link{padding-top:15px;padding-right:25px;padding-bottom:15px;padding-left:25px;font-size:14px;letter-spacing:var(--wpex-tracking-wider);text-transform:uppercase;}<\/style><div class=\"vcex-multi-buttons wpex-flex wpex-flex-wrap wpex-items-center wpex-gap-10 wpex-justify-start vcex_69fca4676827a\"><a href=\"https:\/\/www.humor-impulse.eu\/en\/humor-pausen\/\" class=\"theme-button flat outline-transparent wpex-text-center vcex-count-1\">Humor-Pausen Angebote<\/a><\/div><\/div><\/div><\/div><\/div><div class=\"vc_row-full-width vc_clearfix\"><\/div>\n<\/div>","protected":false},"excerpt":{"rendered":"Humor ImpulsePortfolioTraining und Seminar In meinen praxisnahen Humortrainings entdecken Sie Ihren einzigartigen \u201eHumor-Fingerabdruck\u201c und lernen, Humor gezielt f\u00fcr mehr Leichtigkeit, Teamgeist und Stressresistenz einzusetzen. Mit bew\u00e4hrten Methoden und Techniken st\u00e4rken Sie Ihre Kommunikation, f\u00f6rdern ein positives Betriebsklima und verbessern nachweislich Ihr Wohlbefinden. Training und Seminar AngeboteVortr\u00e4ge Sie suchen eine mitrei\u00dfende, humorvolle Bereicherung f\u00fcr Ihre Veranstaltung?&hellip;","protected":false},"author":1,"featured_media":0,"parent":0,"menu_order":9,"comment_status":"closed","ping_status":"closed","template":"","meta":{"footnotes":""},"class_list":["post-757","page","type-page","status-publish","hentry","entry","no-media"],"_links":{"self":[{"href":"https:\/\/www.humor-impulse.eu\/en\/wp-json\/wp\/v2\/pages\/757","targetHints":{"allow":["GET"]}}],"collection":[{"href":"https:\/\/www.humor-impulse.eu\/en\/wp-json\/wp\/v2\/pages"}],"about":[{"href":"https:\/\/www.humor-impulse.eu\/en\/wp-json\/wp\/v2\/types\/page"}],"author":[{"embeddable":true,"href":"https:\/\/www.humor-impulse.eu\/en\/wp-json\/wp\/v2\/users\/1"}],"replies":[{"embeddable":true,"href":"https:\/\/www.humor-impulse.eu\/en\/wp-json\/wp\/v2\/comments?post=757"}],"version-history":[{"count":16,"href":"https:\/\/www.humor-impulse.eu\/en\/wp-json\/wp\/v2\/pages\/757\/revisions"}],"predecessor-version":[{"id":2921,"href":"https:\/\/www.humor-impulse.eu\/en\/wp-json\/wp\/v2\/pages\/757\/revisions\/2921"}],"wp:attachment":[{"href":"https:\/\/www.humor-impulse.eu\/en\/wp-json\/wp\/v2\/media?parent=757"}],"curies":[{"name":"wp","href":"https:\/\/api.w.org\/{rel}","templated":true}]}}